{"id":4768,"date":"2022-01-12T08:48:41","date_gmt":"2022-01-12T06:48:41","guid":{"rendered":"https:\/\/36stagexl.de\/impressum\/"},"modified":"2026-04-12T21:25:36","modified_gmt":"2026-04-12T19:25:36","slug":"impressum","status":"publish","type":"page","link":"https:\/\/36stagexl.de\/es\/impressum\/","title":{"rendered":"IMPRESSUM"},"content":{"rendered":"\t\t<div data-elementor-type=\"wp-page\" data-elementor-id=\"4768\" class=\"elementor elementor-4768 elementor-32\" data-elementor-post-type=\"page\">\n\t\t\t\t\t\t<section class=\"elementor-section elementor-top-section elementor-element elementor-element-851ff0a elementor-section-boxed elementor-section-height-default elementor-section-height-default\" data-id=\"851ff0a\" data-element_type=\"section\" data-e-type=\"section\" id=\"top\" data-settings=\"{&quot;background_background&quot;:&quot;classic&quot;}\">\n\t\t\t\t\t\t<div class=\"elementor-container elementor-column-gap-default\">\n\t\t\t\t\t<div class=\"elementor-column elementor-col-100 elementor-top-column elementor-element elementor-element-4d32768\" data-id=\"4d32768\" data-element_type=\"column\" data-e-type=\"column\" data-settings=\"{&quot;background_background&quot;:&quot;classic&quot;}\">\n\t\t\t<div class=\"elementor-widget-wrap elementor-element-populated\">\n\t\t\t\t\t\t<div class=\"elementor-element elementor-element-9444205 elementor-widget elementor-widget-text-editor\" data-id=\"9444205\" data-element_type=\"widget\" data-e-type=\"widget\" data-widget_type=\"text-editor.default\">\n\t\t\t\t<div class=\"elementor-widget-container\">\n\t\t\t\t\t\t\t\t\t<p><strong>36 Etapa XL GmbH<\/strong><br \/>Gneisenaustr. 66<br \/>10961 Berl\u00edn<\/p>\n<p><strong>Directores<\/strong> generales: Peter Spindler<\/p>\n<p><strong>HRB<\/strong> en AG Berl\u00edn (Charlottenburg): HRB 139916 B<\/p>\n<p><strong>UStID<\/strong>: DE281420361<\/p>\n<p><strong>Fotografia<\/strong> para 36 Stage XL: Florian Hinz<\/p>\n<p><strong>Dise\u00f1adora gr\u00e1fica\/ todas las obras de arte:<\/strong> Toria Vos<\/p>\n<p><strong>Autoridad<\/strong> de control : Bundesagentur f\u00fcr Arbeit, Agentur f\u00fcr Arbeit..<\/p>\n<p><strong>Descargo<\/strong> de responsabilidad: A pesar del control cuidadoso del contenido, 36 Stage XL GmbH no asume ninguna responsabilidad por el contenido de los enlaces externos. Los operadores de las p\u00e1ginas enlazadas son los \u00fanicos responsables de su contenido. Por la presente, nos distanciamos expresamente de todo el contenido de todas las p\u00e1ginas enlazadas en nuestra p\u00e1gina de inicio y no adoptamos este contenido como propio.<br \/>Adem\u00e1s, 36 Stage XL GmbH no garantiza que el contenido proporcionado en el sitio web est\u00e9 actualizado, sea correcto, completo o de alta calidad en todo momento. En particular, 36 Stage XL GmbH no est\u00e1 obligada de ninguna manera a actualizar informaci\u00f3n u opiniones obsoletas, eliminarlas de su propio sitio web o marcarlas en consecuencia. La informaci\u00f3n contenida en el sitio web puede cambiar en cualquier momento sin previo aviso.<\/p>\n<p><strong>Resoluci\u00f3n de disputas<\/strong> :<br \/>No estamos obligados ni dispuestos a participar en procedimientos de resoluci\u00f3n de disputas ante una junta de arbitraje de consumidores. Debido a la relaci\u00f3n de trabajo cooperativo con nuestros socios contractuales, las discrepancias solo surgen en casos muy raros, y estas se tratan como parte de nuestra gesti\u00f3n eficaz de clientes.<\/p>\n\t\t\t\t\t\t\t\t<\/div>\n\t\t\t\t<\/div>\n\t\t\t\t<div class=\"elementor-element elementor-element-b5824d8 elementor-mobile-align-center elementor-widget elementor-widget-button\" data-id=\"b5824d8\" data-element_type=\"widget\" data-e-type=\"widget\" data-widget_type=\"button.default\">\n\t\t\t\t<div class=\"elementor-widget-container\">\n\t\t\t\t\t\t\t\t\t<div class=\"elementor-button-wrapper\">\n\t\t\t\t\t<a class=\"elementor-button elementor-button-link elementor-size-sm\" href=\"#top\">\n\t\t\t\t\t\t<span class=\"elementor-button-content-wrapper\">\n\t\t\t\t\t\t\t\t\t<span class=\"elementor-button-text\">arriba<\/span>\n\t\t\t\t\t<\/span>\n\t\t\t\t\t<\/a>\n\t\t\t\t<\/div>\n\t\t\t\t\t\t\t\t<\/div>\n\t\t\t\t<\/div>\n\t\t\t\t\t<\/div>\n\t\t<\/div>\n\t\t\t\t\t<\/div>\n\t\t<\/section>\n\t\t\t\t<\/div>\n\t\t","protected":false},"excerpt":{"rendered":"<p>36 Etapa XL GmbHGneisenaustr. 6610961 Berl\u00edn Directores generales: Peter Spindler HRB en AG Berl\u00edn (Charlottenburg): HRB 139916 B UStID: DE281420361 Fotografia para 36 Stage XL: Florian Hinz Dise\u00f1adora gr\u00e1fica\/ todas las obras de arte: Toria Vos Autoridad de control : Bundesagentur f\u00fcr Arbeit, Agentur f\u00fcr Arbeit.. Descargo de responsabilidad: A pesar del control cuidadoso del [&hellip;]<\/p>\n","protected":false},"author":1,"featured_media":0,"parent":0,"menu_order":0,"comment_status":"closed","ping_status":"closed","template":"elementor_header_footer","meta":{"footnotes":""},"class_list":["post-4768","page","type-page","status-publish","hentry"],"_links":{"self":[{"href":"https:\/\/36stagexl.de\/es\/wp-json\/wp\/v2\/pages\/4768","targetHints":{"allow":["GET"]}}],"collection":[{"href":"https:\/\/36stagexl.de\/es\/wp-json\/wp\/v2\/pages"}],"about":[{"href":"https:\/\/36stagexl.de\/es\/wp-json\/wp\/v2\/types\/page"}],"author":[{"embeddable":true,"href":"https:\/\/36stagexl.de\/es\/wp-json\/wp\/v2\/users\/1"}],"replies":[{"embeddable":true,"href":"https:\/\/36stagexl.de\/es\/wp-json\/wp\/v2\/comments?post=4768"}],"version-history":[{"count":2,"href":"https:\/\/36stagexl.de\/es\/wp-json\/wp\/v2\/pages\/4768\/revisions"}],"predecessor-version":[{"id":4771,"href":"https:\/\/36stagexl.de\/es\/wp-json\/wp\/v2\/pages\/4768\/revisions\/4771"}],"wp:attachment":[{"href":"https:\/\/36stagexl.de\/es\/wp-json\/wp\/v2\/media?parent=4768"}],"curies":[{"name":"wp","href":"https:\/\/api.w.org\/{rel}","templated":true}]}}