{"id":2480,"date":"2022-01-12T08:18:49","date_gmt":"2022-01-12T08:18:49","guid":{"rendered":"http:\/\/36stagexl.de\/solicitar\/"},"modified":"2025-12-05T21:50:30","modified_gmt":"2025-12-05T21:50:30","slug":"solicitar","status":"publish","type":"page","link":"https:\/\/36stagexl.de\/es\/solicitar\/","title":{"rendered":"SOLICITAR"},"content":{"rendered":"\t\t<div data-elementor-type=\"wp-page\" data-elementor-id=\"2480\" class=\"elementor elementor-2480 elementor-19\" data-elementor-post-type=\"page\">\n\t\t\t\t\t\t<section class=\"elementor-section elementor-top-section elementor-element elementor-element-6626319 elementor-section-boxed elementor-section-height-default elementor-section-height-default\" data-id=\"6626319\" data-element_type=\"section\" data-e-type=\"section\" data-settings=\"{&quot;background_background&quot;:&quot;classic&quot;}\">\n\t\t\t\t\t\t<div class=\"elementor-container elementor-column-gap-default\">\n\t\t\t\t\t<div class=\"elementor-column elementor-col-100 elementor-top-column elementor-element elementor-element-d3657a8\" data-id=\"d3657a8\" data-element_type=\"column\" data-e-type=\"column\">\n\t\t\t<div class=\"elementor-widget-wrap elementor-element-populated\">\n\t\t\t\t\t\t<section class=\"elementor-section elementor-inner-section elementor-element elementor-element-146f278 elementor-section-boxed elementor-section-height-default elementor-section-height-default\" data-id=\"146f278\" data-element_type=\"section\" data-e-type=\"section\" data-settings=\"{&quot;background_background&quot;:&quot;classic&quot;}\">\n\t\t\t\t\t\t<div class=\"elementor-container elementor-column-gap-default\">\n\t\t\t\t\t<div class=\"elementor-column elementor-col-50 elementor-inner-column elementor-element elementor-element-8570c9e\" data-id=\"8570c9e\" data-element_type=\"column\" data-e-type=\"column\">\n\t\t\t<div class=\"elementor-widget-wrap elementor-element-populated\">\n\t\t\t\t\t\t<div class=\"elementor-element elementor-element-eb89621 elementor-widget elementor-widget-text-editor\" data-id=\"eb89621\" data-element_type=\"widget\" data-e-type=\"widget\" data-widget_type=\"text-editor.default\">\n\t\t\t\t<div class=\"elementor-widget-container\">\n\t\t\t\t\t\t\t\t\t<p>\u25ca Manos de escenario <br>\u25ca manos de acero <br>\u25ca Andamiadores\/trepadores <br>\u25ca Ayudante de cocina <br>\u25ca Vestuario <br>\u25ca Corredores <br>\u25ca Conductor (licencia P) <br>\u25ca Conductor de montacargas <br>\u25ca Conductor puntual<\/p><p style=\"text-align: left;\"> \u25ca<br>est\u00e1s: motivado,<br>fiable y puntual?<\/p>\t\t\t\t\t\t\t\t<\/div>\n\t\t\t\t<\/div>\n\t\t\t\t\t<\/div>\n\t\t<\/div>\n\t\t\t\t<div class=\"elementor-column elementor-col-50 elementor-inner-column elementor-element elementor-element-a8a52ae\" data-id=\"a8a52ae\" data-element_type=\"column\" data-e-type=\"column\">\n\t\t\t<div class=\"elementor-widget-wrap elementor-element-populated\">\n\t\t\t\t\t\t<div class=\"elementor-element elementor-element-3227d75 elementor-invisible elementor-widget elementor-widget-heading\" data-id=\"3227d75\" data-element_type=\"widget\" data-e-type=\"widget\" data-settings=\"{&quot;_animation&quot;:&quot;slideInRight&quot;}\" data-widget_type=\"heading.default\">\n\t\t\t\t<div class=\"elementor-widget-container\">\n\t\t\t\t\t<h2 class=\"elementor-heading-title elementor-size-default\">ESTAMOS BUSCANDO<\/h2>\t\t\t\t<\/div>\n\t\t\t\t<\/div>\n\t\t\t\t\t<\/div>\n\t\t<\/div>\n\t\t\t\t\t<\/div>\n\t\t<\/section>\n\t\t\t\t<div class=\"elementor-element elementor-element-40b4c41 elementor-widget elementor-widget-spacer\" data-id=\"40b4c41\" data-element_type=\"widget\" data-e-type=\"widget\" data-widget_type=\"spacer.default\">\n\t\t\t\t<div class=\"elementor-widget-container\">\n\t\t\t\t\t\t\t<div class=\"elementor-spacer\">\n\t\t\t<div class=\"elementor-spacer-inner\"><\/div>\n\t\t<\/div>\n\t\t\t\t\t\t<\/div>\n\t\t\t\t<\/div>\n\t\t\t\t<div class=\"elementor-element elementor-element-26661d5 elementor-widget elementor-widget-heading\" data-id=\"26661d5\" data-element_type=\"widget\" data-e-type=\"widget\" data-widget_type=\"heading.default\">\n\t\t\t\t<div class=\"elementor-widget-container\">\n\t\t\t\t\t<h2 class=\"elementor-heading-title elementor-size-default\">\u00bfQUIERES SER PARTE DE NUESTRO EQUIPO?<\/h2>\t\t\t\t<\/div>\n\t\t\t\t<\/div>\n\t\t\t\t<div class=\"elementor-element elementor-element-2ee2818 elementor-widget elementor-widget-text-editor\" data-id=\"2ee2818\" data-element_type=\"widget\" data-e-type=\"widget\" data-widget_type=\"text-editor.default\">\n\t\t\t\t<div class=\"elementor-widget-container\">\n\t\t\t\t\t\t\t\t\t<p style=\"text-align: center;\">ESCRIBENOS UN EMAIL EXACTO<br><span style=\"color: #ff9900;\"><span style=\"color: #993366;\"> <a href=\"mailto:get-a-job@36stagexl.de\">&gt;&gt; AQU\u00cd &lt;&lt;<\/a> <\/span><br><\/span><\/p>\t\t\t\t\t\t\t\t<\/div>\n\t\t\t\t<\/div>\n\t\t\t\t\t<\/div>\n\t\t<\/div>\n\t\t\t\t\t<\/div>\n\t\t<\/section>\n\t\t\t\t<\/div>\n\t\t","protected":false},"excerpt":{"rendered":"<p>\u25ca Peones de escenario \u25ca Peones de acero \u25ca Andamiero\/limpiador \u25ca Ayudante de cocina \u25ca Guardarropa \u25ca Corredor \u25ca Conductor (permiso P) \u25ca Conductor de carretilla elevadora \u25ca Conductor de plaza \u25ca\u00bfEres: motivado,fiable y puntual? ESTAMOS BUSCANDO \u00bfQUIERES SER PARTE DE NUESTRO EQUIPO? ESCR\u00cdBENOS UN CORREO ELECTR\u00d3NICO EXACTAMENTE &gt;&gt; AQU\u00cd &lt;&lt;<\/p>\n","protected":false},"author":1,"featured_media":0,"parent":0,"menu_order":0,"comment_status":"closed","ping_status":"closed","template":"elementor_header_footer","meta":{"footnotes":""},"class_list":["post-2480","page","type-page","status-publish","hentry"],"_links":{"self":[{"href":"https:\/\/36stagexl.de\/es\/wp-json\/wp\/v2\/pages\/2480","targetHints":{"allow":["GET"]}}],"collection":[{"href":"https:\/\/36stagexl.de\/es\/wp-json\/wp\/v2\/pages"}],"about":[{"href":"https:\/\/36stagexl.de\/es\/wp-json\/wp\/v2\/types\/page"}],"author":[{"embeddable":true,"href":"https:\/\/36stagexl.de\/es\/wp-json\/wp\/v2\/users\/1"}],"replies":[{"embeddable":true,"href":"https:\/\/36stagexl.de\/es\/wp-json\/wp\/v2\/comments?post=2480"}],"version-history":[{"count":6,"href":"https:\/\/36stagexl.de\/es\/wp-json\/wp\/v2\/pages\/2480\/revisions"}],"predecessor-version":[{"id":4552,"href":"https:\/\/36stagexl.de\/es\/wp-json\/wp\/v2\/pages\/2480\/revisions\/4552"}],"wp:attachment":[{"href":"https:\/\/36stagexl.de\/es\/wp-json\/wp\/v2\/media?parent=2480"}],"curies":[{"name":"wp","href":"https:\/\/api.w.org\/{rel}","templated":true}]}}