{"id":2472,"date":"2022-01-12T08:18:06","date_gmt":"2022-01-12T08:18:06","guid":{"rendered":"http:\/\/36stagexl.de\/sobre-nosotros\/"},"modified":"2022-03-16T10:18:17","modified_gmt":"2022-03-16T10:18:17","slug":"sobre-nosotros","status":"publish","type":"page","link":"https:\/\/36stagexl.de\/es\/sobre-nosotros\/","title":{"rendered":"SOBRE NOSOTROS"},"content":{"rendered":"\t\t<div data-elementor-type=\"wp-page\" data-elementor-id=\"2472\" class=\"elementor elementor-2472 elementor-17\" data-elementor-post-type=\"page\">\n\t\t\t\t\t\t<section class=\"elementor-section elementor-top-section elementor-element elementor-element-77517ea elementor-section-boxed elementor-section-height-default elementor-section-height-default\" data-id=\"77517ea\" data-element_type=\"section\" data-e-type=\"section\" id=\"top\" data-settings=\"{&quot;background_background&quot;:&quot;classic&quot;}\">\n\t\t\t\t\t\t<div class=\"elementor-container elementor-column-gap-default\">\n\t\t\t\t\t<div class=\"elementor-column elementor-col-100 elementor-top-column elementor-element elementor-element-9b93db6\" data-id=\"9b93db6\" data-element_type=\"column\" data-e-type=\"column\">\n\t\t\t<div class=\"elementor-widget-wrap elementor-element-populated\">\n\t\t\t\t\t\t<div class=\"elementor-element elementor-element-971a9be elementor-widget elementor-widget-heading\" data-id=\"971a9be\" data-element_type=\"widget\" data-e-type=\"widget\" data-widget_type=\"heading.default\">\n\t\t\t\t<div class=\"elementor-widget-container\">\n\t\t\t\t\t<h2 class=\"elementor-heading-title elementor-size-default\">QUIENES SOMOS..<\/h2>\t\t\t\t<\/div>\n\t\t\t\t<\/div>\n\t\t\t\t<div class=\"elementor-element elementor-element-ae3193e elementor-widget elementor-widget-text-editor\" data-id=\"ae3193e\" data-element_type=\"widget\" data-e-type=\"widget\" data-widget_type=\"text-editor.default\">\n\t\t\t\t<div class=\"elementor-widget-container\">\n\t\t\t\t\t\t\t\t\t<p>La empresa 36 Stage XL GmbH fue fundada en 2012 y organiza todo tipo de eventos para usted.<br>Nuestros empleados tienen muchos a\u00f1os de experiencia y conocimientos profesionales en tecnolog\u00eda de eventos.<br>Nuestra reputaci\u00f3n en el sector nos precede: calidad de servicio integral y clientes satisfechos son nuestra m\u00e1xima. Calidad significa que el cliente vuelve.<br>Este enfoque nos ha convertido en lo que somos y nos ha proporcionado relaciones comerciales a largo plazo y nuevos socios interesantes.<\/p><p>Berl\u00edn es vibrante y el rock and roll es nuestra vocaci\u00f3n. Organizamos todo:<br>desde peque\u00f1os conciertos en el club, al Mercedes-Benz Arena, a exposiciones, ferias, musicales y actuaciones en teatros tan conocidos como el Admiralspalast, el Schlossparktheater o el Theatre am Potsdamer Platz. Durante la temporada estamos en eventos al aire libre en Waldb\u00fchne, Olympiastadion y Parkb\u00fchne Wuhlheide. Pero tambi\u00e9n conocemos el Columbiahalle, el Tempodrom, el Velodrom, el Max-Schmeling Halle o los Huxleys como la palma de nuestra mano. <br>El Verti Music Hall ha sido uno de nuestros nuevos retos desde su apertura en 2018; lo amamos.<\/p>\t\t\t\t\t\t\t\t<\/div>\n\t\t\t\t<\/div>\n\t\t\t\t<div class=\"elementor-element elementor-element-8684636 elementor-widget elementor-widget-heading\" data-id=\"8684636\" data-element_type=\"widget\" data-e-type=\"widget\" data-widget_type=\"heading.default\">\n\t\t\t\t<div class=\"elementor-widget-container\">\n\t\t\t\t\t<h2 class=\"elementor-heading-title elementor-size-default\">..QU\u00c9 HACEMOS<\/h2>\t\t\t\t<\/div>\n\t\t\t\t<\/div>\n\t\t\t\t<div class=\"elementor-element elementor-element-19ac9ec elementor-widget elementor-widget-text-editor\" data-id=\"19ac9ec\" data-element_type=\"widget\" data-e-type=\"widget\" data-widget_type=\"text-editor.default\">\n\t\t\t\t<div class=\"elementor-widget-container\">\n\t\t\t\t\t\t\t\t\t<p style=\"text-align: right;\">Te apoyamos en la planificaci\u00f3n, coordinaci\u00f3n y realizaci\u00f3n de tu evento, tu producci\u00f3n u otros eventos. Nuestros contactos con empresas de PA, empresas de montaje, proveedores de equipos de escenario y proveedores de sistemas hacen posible una implementaci\u00f3n completa.<\/p><p style=\"text-align: right;\">Nuestro espectro abarca desde la construcci\u00f3n del escenario y el dise\u00f1o esc\u00e9nico, <br>la instalaci\u00f3n de la tecnolog\u00eda de video e iluminaci\u00f3n, la entrega de equipos de backstage (sof\u00e1, mesas, toallas, etc.), estructuras temporales como agua\/electricidad, bares, catering y seguridad\/azafatas, servicios m\u00e9dicos, limpieza y organizaci\u00f3n del tr\u00e1fico -prohibiciones de parada relacionadas.<\/p><p style=\"text-align: right;\">Tambi\u00e9n organizamos equipos como carretillas elevadoras, plataformas elevadoras, gr\u00faas y le proporcionamos personal debidamente calificado.<\/p>\t\t\t\t\t\t\t\t<\/div>\n\t\t\t\t<\/div>\n\t\t\t\t<div class=\"elementor-element elementor-element-54b8f12 elementor-widget elementor-widget-heading\" data-id=\"54b8f12\" data-element_type=\"widget\" data-e-type=\"widget\" data-widget_type=\"heading.default\">\n\t\t\t\t<div class=\"elementor-widget-container\">\n\t\t\t\t\t<h2 class=\"elementor-heading-title elementor-size-default\">COMO IMPLEMENTAMOS ESTO..<\/h2>\t\t\t\t<\/div>\n\t\t\t\t<\/div>\n\t\t\t\t<div class=\"elementor-element elementor-element-3caadb7 elementor-widget elementor-widget-text-editor\" data-id=\"3caadb7\" data-element_type=\"widget\" data-e-type=\"widget\" data-widget_type=\"text-editor.default\">\n\t\t\t\t<div class=\"elementor-widget-container\">\n\t\t\t\t\t\t\t\t\t<p>Con nuestro personal bien capacitado que consta de:<\/p><p>Ayudante de direcci\u00f3n t\u00e9cnica, montaje y desmontaje, ayudante de carga, conductor de carretilla elevadora, conductor de carretilla telesc\u00f3pica, trepador, conductor de puntos, conductor de puntos de truss, ayudante de exposici\u00f3n (ayudante de equipo de espect\u00e1culos, ayudante de decoraci\u00f3n), t\u00e9cnico de cuadr\u00edcula, conductor de cami\u00f3n, ayudante de cocina, ayudante de catering, ayudante de guardarropa, sastre, peluquero\/maquillador, varios corredores, conductor de transporte, chofer, promotor.<\/p>\t\t\t\t\t\t\t\t<\/div>\n\t\t\t\t<\/div>\n\t\t\t\t<div class=\"elementor-element elementor-element-5381e59 elementor-widget elementor-widget-heading\" data-id=\"5381e59\" data-element_type=\"widget\" data-e-type=\"widget\" data-widget_type=\"heading.default\">\n\t\t\t\t<div class=\"elementor-widget-container\">\n\t\t\t\t\t<h2 class=\"elementor-heading-title elementor-size-default\">..LO QUE YA HEMOS ACOMPA\u00d1ADO<\/h2>\t\t\t\t<\/div>\n\t\t\t\t<\/div>\n\t\t\t\t<div class=\"elementor-element elementor-element-fad12e4 elementor-widget elementor-widget-text-editor\" data-id=\"fad12e4\" data-element_type=\"widget\" data-e-type=\"widget\" data-widget_type=\"text-editor.default\">\n\t\t\t\t<div class=\"elementor-widget-container\">\n\t\t\t\t\t\t\t\t\t<p>Bruce Springsteen, Metallica, Rolling Stones, Phil Collins, Fleetwood Mac, Robbie Williams, Volbeat, James Blunt, Marteria and Casper, Andrea Berg, Kelly Family, Herbert Gr\u00f6nemeyer, Sting, Madonna, Cher, Christina Aguilera, Helene Fischer, Ariana Grande, Luke Mockridge, Mumford and Sons, Revolverheld, Dinosaurier &#8211; Im Reich der Giganten, World Wrestling Entertainment Inc., Die Drei ???, The War on Drugs, Sunrise Avenue, Chris Rea, Dead can Dance, Der chinesische Nationalzirkus, Marilyn Manson, Eddy Vedder, Savas und Sido, Mark Foster, Kraftklub, Gorillaz, Rise Against, Snow Patrol, Scooter, Rocky Horror Picture Show, Stomp, Africa Africa, Wahnsinn, TKKG, Sinatra and Friends &#8230;<\/p>\t\t\t\t\t\t\t\t<\/div>\n\t\t\t\t<\/div>\n\t\t\t\t<div class=\"elementor-element elementor-element-d75096c elementor-widget elementor-widget-heading\" data-id=\"d75096c\" data-element_type=\"widget\" data-e-type=\"widget\" data-widget_type=\"heading.default\">\n\t\t\t\t<div class=\"elementor-widget-container\">\n\t\t\t\t\t<h2 class=\"elementor-heading-title elementor-size-default\"><a href=\"http:\/\/36stagexl.de\/archiv\/\">&gt;&gt; encontrar m\u00e1s aqu\u00ed &lt;&lt;<\/a><\/h2>\t\t\t\t<\/div>\n\t\t\t\t<\/div>\n\t\t\t\t<div class=\"elementor-element elementor-element-adcff45 elementor-mobile-align-center elementor-widget elementor-widget-button\" data-id=\"adcff45\" data-element_type=\"widget\" data-e-type=\"widget\" data-widget_type=\"button.default\">\n\t\t\t\t<div class=\"elementor-widget-container\">\n\t\t\t\t\t\t\t\t\t<div class=\"elementor-button-wrapper\">\n\t\t\t\t\t<a class=\"elementor-button elementor-button-link elementor-size-sm\" href=\"#Cima\">\n\t\t\t\t\t\t<span class=\"elementor-button-content-wrapper\">\n\t\t\t\t\t\t\t\t\t<span class=\"elementor-button-text\">arriba<\/span>\n\t\t\t\t\t<\/span>\n\t\t\t\t\t<\/a>\n\t\t\t\t<\/div>\n\t\t\t\t\t\t\t\t<\/div>\n\t\t\t\t<\/div>\n\t\t\t\t\t<\/div>\n\t\t<\/div>\n\t\t\t\t\t<\/div>\n\t\t<\/section>\n\t\t\t\t<\/div>\n\t\t","protected":false},"excerpt":{"rendered":"<p>QUIENES SOMOS.. La empresa 36 Stage XL GmbH fue fundada en 2012 y organiza todo tipo de eventos para usted.Nuestros empleados tienen muchos a\u00f1os de experiencia y conocimientos profesionales en tecnolog\u00eda de eventos.Nuestra reputaci\u00f3n en el sector nos precede: calidad de servicio integral y clientes satisfechos son nuestra m\u00e1xima. Calidad significa que el cliente vuelve.Este [&hellip;]<\/p>\n","protected":false},"author":1,"featured_media":0,"parent":0,"menu_order":0,"comment_status":"closed","ping_status":"closed","template":"elementor_header_footer","meta":{"footnotes":""},"class_list":["post-2472","page","type-page","status-publish","hentry"],"_links":{"self":[{"href":"https:\/\/36stagexl.de\/es\/wp-json\/wp\/v2\/pages\/2472","targetHints":{"allow":["GET"]}}],"collection":[{"href":"https:\/\/36stagexl.de\/es\/wp-json\/wp\/v2\/pages"}],"about":[{"href":"https:\/\/36stagexl.de\/es\/wp-json\/wp\/v2\/types\/page"}],"author":[{"embeddable":true,"href":"https:\/\/36stagexl.de\/es\/wp-json\/wp\/v2\/users\/1"}],"replies":[{"embeddable":true,"href":"https:\/\/36stagexl.de\/es\/wp-json\/wp\/v2\/comments?post=2472"}],"version-history":[{"count":7,"href":"https:\/\/36stagexl.de\/es\/wp-json\/wp\/v2\/pages\/2472\/revisions"}],"predecessor-version":[{"id":3725,"href":"https:\/\/36stagexl.de\/es\/wp-json\/wp\/v2\/pages\/2472\/revisions\/3725"}],"wp:attachment":[{"href":"https:\/\/36stagexl.de\/es\/wp-json\/wp\/v2\/media?parent=2472"}],"curies":[{"name":"wp","href":"https:\/\/api.w.org\/{rel}","templated":true}]}}